{"id":89,"date":"2026-01-28T23:56:08","date_gmt":"2026-01-28T23:56:08","guid":{"rendered":"https:\/\/cordo.archi\/?page_id=89"},"modified":"2026-01-29T00:02:38","modified_gmt":"2026-01-29T00:02:38","slug":"89-2","status":"publish","type":"page","link":"https:\/\/cordo.archi\/","title":{"rendered":"Page d&rsquo;Accueil"},"content":{"rendered":"\n<p class=\"has-large-font-size\">Soci\u00e9t\u00e9 d&rsquo;architecture et d&rsquo;urbanisme fond\u00e9e par F\u00e9lix Cordonnier<\/p>\n\n\n\n<p class=\"has-large-font-size\">contact@cordo.archi<\/p>\n\n\n\n<div style=\"height:100px\" aria-hidden=\"true\" class=\"wp-block-spacer\"><\/div>\n\n\n\n<h2 class=\"wp-block-heading\">A propos<\/h2>\n\n\n\n<p class=\"has-large-font-size\"><strong>cordo<\/strong> est une agence d\u2019architecture et d\u2019urbanisme fond\u00e9e en 2026 par F\u00e9lix Cordonnier. Implant\u00e9e \u00e0 Marseille et \u00e0 Paris, elle intervient sur toute la France et \u00e0 l\u2019international. L\u2019agence d\u00e9veloppe des projets \u00e0 diff\u00e9rentes \u00e9chelles et sur des programmes vari\u00e9s, notamment le logement collectif, le tertiaire, l\u2019h\u00f4tellerie, les \u00e9quipements publics et les projets urbains.<\/p>\n\n\n\n<div style=\"height:100px\" aria-hidden=\"true\" class=\"wp-block-spacer\"><\/div>\n\n\n\n<h2 class=\"wp-block-heading\">Philosophie<\/h2>\n\n\n\n<p class=\"has-large-font-size\"><strong>cordo<\/strong> d\u00e9veloppe une approche sensible aux enjeux contemporains : qualit\u00e9 de vie, sobri\u00e9t\u00e9 constructive, respect de l\u2019environnement et ancrage dans son territoire. De cette d\u00e9marche naissent des projets singuliers et porteurs de sens, o\u00f9 l\u2019usage et la mat\u00e9rialit\u00e9 occupent une place centrale.<\/p>\n\n\n\n<p class=\"has-large-font-size\">L\u2019agence accompagne les ma\u00eetres d\u2019ouvrage \u00e0 chaque \u00e9tape du projet, avec une attention particuli\u00e8re port\u00e9e \u00e0 la compr\u00e9hension des besoins, \u00e0 l\u2019\u00e9coute des diff\u00e9rents acteurs et \u00e0 la ma\u00eetrise des contraintes budg\u00e9taires. Gr\u00e2ce \u00e0 une forte culture constructive, Cordo int\u00e8gre les enjeux techniques et \u00e9conomiques d\u00e8s les premi\u00e8res phases de la conception, pour donner naissance \u00e0 des projets coh\u00e9rents, durables et ma\u00eetris\u00e9s.<\/p>\n\n\n\n<div style=\"height:100px\" aria-hidden=\"true\" class=\"wp-block-spacer\"><\/div>\n\n\n\n<h2 class=\"wp-block-heading\">F\u00e9lix Cordonnier<\/h2>\n\n\n\n<p class=\"has-large-font-size\">Architecte dipl\u00f4m\u00e9 de l\u2019INSA Strasbourg en 2012, formation associant architecture et ing\u00e9nierie, F\u00e9lix Cordonnier a pass\u00e9 13 ans \u00e0 la Maison \u00c9douard Fran\u00e7ois, o\u00f9 il a dirig\u00e9 des projets en tant qu\u2019associ\u00e9. Fort de ce parcours sur des projets de diff\u00e9rentes \u00e9chelles et programmes, il fonde <strong>cordo<\/strong> en 2026, apportant une ma\u00eetrise technique, \u00e9conomique et contextuelle au service de projets sensibles, coh\u00e9rents, durables et attentifs aux usages et aux lieux.<\/p>\n\n\n\n<div style=\"height:100px\" aria-hidden=\"true\" class=\"wp-block-spacer\"><\/div>\n\n\n\n<p class=\"is-style-text-annotation is-style-text-annotation--1\">2026 \u00a9 cordo \u2014 tous droits r\u00e9serv\u00e9s<\/p>\n\n\n\n<p><\/p>\n\n\n\n<p><\/p>\n","protected":false},"excerpt":{"rendered":"<p>Soci\u00e9t\u00e9 d&rsquo;architecture et d&rsquo;urbanisme fond\u00e9e par F\u00e9lix Cordonnier contact@cordo.archi A propos cordo est une agence d\u2019architecture et d\u2019urbanisme fond\u00e9e en 2026 par F\u00e9lix Cordonnier. Implant\u00e9e \u00e0 Marseille et \u00e0 Paris, elle intervient sur toute la France et \u00e0 l\u2019international. L\u2019agence d\u00e9veloppe des projets \u00e0 diff\u00e9rentes \u00e9chelles et sur des programmes vari\u00e9s, notamment le logement collectif, [&hellip;]<\/p>\n","protected":false},"author":1,"featured_media":0,"parent":0,"menu_order":0,"comment_status":"closed","ping_status":"closed","template":"","meta":{"footnotes":""},"class_list":["post-89","page","type-page","status-publish","hentry"],"_links":{"self":[{"href":"https:\/\/cordo.archi\/index.php\/wp-json\/wp\/v2\/pages\/89","targetHints":{"allow":["GET"]}}],"collection":[{"href":"https:\/\/cordo.archi\/index.php\/wp-json\/wp\/v2\/pages"}],"about":[{"href":"https:\/\/cordo.archi\/index.php\/wp-json\/wp\/v2\/types\/page"}],"author":[{"embeddable":true,"href":"https:\/\/cordo.archi\/index.php\/wp-json\/wp\/v2\/users\/1"}],"replies":[{"embeddable":true,"href":"https:\/\/cordo.archi\/index.php\/wp-json\/wp\/v2\/comments?post=89"}],"version-history":[{"count":3,"href":"https:\/\/cordo.archi\/index.php\/wp-json\/wp\/v2\/pages\/89\/revisions"}],"predecessor-version":[{"id":118,"href":"https:\/\/cordo.archi\/index.php\/wp-json\/wp\/v2\/pages\/89\/revisions\/118"}],"wp:attachment":[{"href":"https:\/\/cordo.archi\/index.php\/wp-json\/wp\/v2\/media?parent=89"}],"curies":[{"name":"wp","href":"https:\/\/api.w.org\/{rel}","templated":true}]}}